{"id":3701,"date":"2025-02-02T14:06:45","date_gmt":"2025-02-02T14:06:45","guid":{"rendered":"https:\/\/video-sur-demande.com\/?page_id=3701"},"modified":"2025-02-02T14:28:33","modified_gmt":"2025-02-02T14:28:33","slug":"faq","status":"publish","type":"page","link":"https:\/\/video-sur-demande.com\/de\/faq\/","title":{"rendered":"H\u00e4ufig gestellte Fragen"},"content":{"rendered":"<div data-elementor-type=\"wp-page\" data-elementor-id=\"3701\" class=\"elementor elementor-3701\" data-elementor-post-type=\"page\">\n\t\t\t\t\t\t<section class=\"elementor-section elementor-top-section elementor-element elementor-element-72b8041 elementor-section-boxed elementor-section-height-default elementor-section-height-default\" data-id=\"72b8041\" data-element_type=\"section\">\n\t\t\t\t\t\t<div class=\"elementor-container elementor-column-gap-extended\">\n\t\t\t\t\t<div class=\"elementor-column elementor-col-100 elementor-top-column elementor-element elementor-element-3dcf73d sc_inner_width_none sc_layouts_column_icons_position_left\" data-id=\"3dcf73d\" data-element_type=\"column\">\n\t\t\t<div class=\"elementor-widget-wrap elementor-element-populated\">\n\t\t\t\t\t\t<div class=\"elementor-element elementor-element-fba5500 sc_fly_static elementor-widget elementor-widget-heading\" data-id=\"fba5500\" data-element_type=\"widget\" data-widget_type=\"heading.default\">\n\t\t\t\t<div class=\"elementor-widget-container\">\n\t\t\t\t\t<h2 class=\"elementor-heading-title elementor-size-default\">\u2753 H\u00e4ufig gestellte Fragen (FAQ) \u2013 Partnerprogramm<\/h2>\t\t\t\t<\/div>\n\t\t\t\t<\/div>\n\t\t\t\t<div class=\"elementor-element elementor-element-089688f sc_fly_static elementor-widget elementor-widget-heading\" data-id=\"089688f\" data-element_type=\"widget\" data-widget_type=\"heading.default\">\n\t\t\t\t<div class=\"elementor-widget-container\">\n\t\t\t\t\t<h2 class=\"elementor-heading-title elementor-size-default\">\ud83d\udccc 1. Was ist das Video-on-Demand.com-Partnerprogramm?<\/h2>\t\t\t\t<\/div>\n\t\t\t\t<\/div>\n\t\t\t\t<div class=\"elementor-element elementor-element-aea769a sc_fly_static elementor-widget elementor-widget-text-editor\" data-id=\"aea769a\" data-element_type=\"widget\" data-widget_type=\"text-editor.default\">\n\t\t\t\t<div class=\"elementor-widget-container\">\n\t\t\t\t\t\t\t\t\t<p>DER <strong>Partnerprogramm<\/strong> erm\u00f6glicht es Ihnen, unsere Dienste durch die Weitergabe eines einzigartigen Affiliate-Links zu empfehlen. F\u00fcr jede Bestellung, die \u00fcber Ihren Link aufgegeben wird, verdienen Sie eine Provision von 15 % auf den Verkauf.<\/p>\t\t\t\t\t\t\t\t<\/div>\n\t\t\t\t<\/div>\n\t\t\t\t<div class=\"elementor-element elementor-element-b32deb9 sc_fly_static elementor-widget elementor-widget-heading\" data-id=\"b32deb9\" data-element_type=\"widget\" data-widget_type=\"heading.default\">\n\t\t\t\t<div class=\"elementor-widget-container\">\n\t\t\t\t\t<h2 class=\"elementor-heading-title elementor-size-default\">\ud83d\udccc 2. Wer kann am Programm teilnehmen?<\/h2>\t\t\t\t<\/div>\n\t\t\t\t<\/div>\n\t\t\t\t<div class=\"elementor-element elementor-element-b15b7ed sc_fly_static elementor-widget elementor-widget-text-editor\" data-id=\"b15b7ed\" data-element_type=\"widget\" data-widget_type=\"text-editor.default\">\n\t\t\t\t<div class=\"elementor-widget-container\">\n\t\t\t\t\t\t\t\t\t<p>Das Programm ist offen f\u00fcr <strong>Blogger, Influencer, Content-Ersteller, Herausgeber und Websitebesitzer<\/strong>. Ihre Bewerbung wird \u00fcberpr\u00fcft, um sicherzustellen, dass sie unseren Kriterien entspricht.<\/p>\t\t\t\t\t\t\t\t<\/div>\n\t\t\t\t<\/div>\n\t\t\t\t<div class=\"elementor-element elementor-element-7435f9c sc_fly_static elementor-widget elementor-widget-heading\" data-id=\"7435f9c\" data-element_type=\"widget\" data-widget_type=\"heading.default\">\n\t\t\t\t<div class=\"elementor-widget-container\">\n\t\t\t\t\t<h2 class=\"elementor-heading-title elementor-size-default\">\ud83d\udccc 3. Wie registriere ich mich?<\/h2>\t\t\t\t<\/div>\n\t\t\t\t<\/div>\n\t\t\t\t<div class=\"elementor-element elementor-element-00498dc sc_fly_static elementor-widget elementor-widget-text-editor\" data-id=\"00498dc\" data-element_type=\"widget\" data-widget_type=\"text-editor.default\">\n\t\t\t\t<div class=\"elementor-widget-container\">\n\t\t\t\t\t\t\t\t\t<p>Um am Programm teilzunehmen, gehen Sie einfach wie folgt vor:<\/p><p>1\u20e3 <strong>F\u00fcllen Sie das Anmeldeformular aus<\/strong> [Hier].<\/p><p>2\u20e3 <strong>Warten Sie, bis Ihre Bewerbung validiert wurde<\/strong> von unserem Team.<\/p><p>3\u20e3 <strong>Erhalten Sie Ihren Affiliate-Link<\/strong> und fangen Sie an, es zu teilen!<\/p>\t\t\t\t\t\t\t\t<\/div>\n\t\t\t\t<\/div>\n\t\t\t\t<div class=\"elementor-element elementor-element-8570130 sc_fly_static elementor-widget elementor-widget-heading\" data-id=\"8570130\" data-element_type=\"widget\" data-widget_type=\"heading.default\">\n\t\t\t\t<div class=\"elementor-widget-container\">\n\t\t\t\t\t<h2 class=\"elementor-heading-title elementor-size-default\">\ud83d\udccc 4. Wie teile ich meinen Affiliate-Link?<\/h2>\t\t\t\t<\/div>\n\t\t\t\t<\/div>\n\t\t\t\t<div class=\"elementor-element elementor-element-78eb578 sc_fly_static elementor-widget elementor-widget-text-editor\" data-id=\"78eb578\" data-element_type=\"widget\" data-widget_type=\"text-editor.default\">\n\t\t\t\t<div class=\"elementor-widget-container\">\n\t\t\t\t\t\t\t\t\t<p>Sie k\u00f6nnen Ihren Link hier hinzuf\u00fcgen:<\/p><ul><li>Dein <strong>Webseite<\/strong> oder Blog<\/li><li>Dein <strong>soziale Netzwerke<\/strong> (Instagram, Facebook, TikTok, Twitter usw.)<\/li><li>Dein <strong>Newsletter<\/strong> und E-Mails<\/li><li>Dein <strong>YouTube Videos<\/strong> oder andere Inhalte<\/li><\/ul>\t\t\t\t\t\t\t\t<\/div>\n\t\t\t\t<\/div>\n\t\t\t\t<div class=\"elementor-element elementor-element-9408f02 sc_fly_static elementor-widget elementor-widget-heading\" data-id=\"9408f02\" data-element_type=\"widget\" data-widget_type=\"heading.default\">\n\t\t\t\t<div class=\"elementor-widget-container\">\n\t\t\t\t\t<h2 class=\"elementor-heading-title elementor-size-default\">\ud83d\udccc 5. Wie viel verdiene ich pro Verkauf?<\/h2>\t\t\t\t<\/div>\n\t\t\t\t<\/div>\n\t\t\t\t<div class=\"elementor-element elementor-element-a97c9f7 sc_fly_static elementor-widget elementor-widget-text-editor\" data-id=\"a97c9f7\" data-element_type=\"widget\" data-widget_type=\"text-editor.default\">\n\t\t\t\t<div class=\"elementor-widget-container\">\n\t\t\t\t\t\t\t\t\t<p>Sie erhalten <strong>15 %-Kommission<\/strong> bei jedem best\u00e4tigten Verkauf:<\/p><ul><li><strong>Pers\u00f6nliches Video (228 CHF) \u2192 34.20 CHF Provision.<\/strong><\/li><li><strong>Professionelles Video (384 CHF) \u2192 57.60 CHF Provision<\/strong><\/li><\/ul>\t\t\t\t\t\t\t\t<\/div>\n\t\t\t\t<\/div>\n\t\t\t\t<div class=\"elementor-element elementor-element-efb1345 sc_fly_static elementor-widget elementor-widget-heading\" data-id=\"efb1345\" data-element_type=\"widget\" data-widget_type=\"heading.default\">\n\t\t\t\t<div class=\"elementor-widget-container\">\n\t\t\t\t\t<h2 class=\"elementor-heading-title elementor-size-default\">\ud83d\udccc 6. Wann und wie werde ich bezahlt?<\/h2>\t\t\t\t<\/div>\n\t\t\t\t<\/div>\n\t\t\t\t<div class=\"elementor-element elementor-element-e7cd705 sc_fly_static elementor-widget elementor-widget-text-editor\" data-id=\"e7cd705\" data-element_type=\"widget\" data-widget_type=\"text-editor.default\">\n\t\t\t\t<div class=\"elementor-widget-container\">\n\t\t\t\t\t\t\t\t\t<ul><li>Zahlungen erfolgen \u00fcber <strong>PayPal<\/strong>.<\/li><li>Sie erhalten Ihre Zahlung <strong>sobald Ihr Guthaben 100 CHF erreicht<\/strong> (Verkauf best\u00e4tigt).<\/li><\/ul>\t\t\t\t\t\t\t\t<\/div>\n\t\t\t\t<\/div>\n\t\t\t\t<div class=\"elementor-element elementor-element-19440ef sc_fly_static elementor-widget elementor-widget-heading\" data-id=\"19440ef\" data-element_type=\"widget\" data-widget_type=\"heading.default\">\n\t\t\t\t<div class=\"elementor-widget-container\">\n\t\t\t\t\t<h2 class=\"elementor-heading-title elementor-size-default\">\ud83d\udccc 7. Was bedeutet ein \u201ebest\u00e4tigter Verkauf\u201c?<\/h2>\t\t\t\t<\/div>\n\t\t\t\t<\/div>\n\t\t\t\t<div class=\"elementor-element elementor-element-e987881 sc_fly_static elementor-widget elementor-widget-text-editor\" data-id=\"e987881\" data-element_type=\"widget\" data-widget_type=\"text-editor.default\">\n\t\t\t\t<div class=\"elementor-widget-container\">\n\t\t\t\t\t\t\t\t\t<p>Ein Verkauf gilt als best\u00e4tigt, wenn:<\/p><p>\u2714 Der Kunde hat den Kauf abgeschlossen.<\/p><p>\u2714 Die R\u00fccktritts- bzw. Widerrufsfrist ist abgelaufen.<\/p>\t\t\t\t\t\t\t\t<\/div>\n\t\t\t\t<\/div>\n\t\t\t\t<div class=\"elementor-element elementor-element-818c25e sc_fly_static elementor-widget elementor-widget-heading\" data-id=\"818c25e\" data-element_type=\"widget\" data-widget_type=\"heading.default\">\n\t\t\t\t<div class=\"elementor-widget-container\">\n\t\t\t\t\t<h2 class=\"elementor-heading-title elementor-size-default\">\ud83d\udccc 8. Kann ich mit meinem Affiliate-Link bezahlte Werbung machen?<\/h2>\t\t\t\t<\/div>\n\t\t\t\t<\/div>\n\t\t\t\t<div class=\"elementor-element elementor-element-29a6876 sc_fly_static elementor-widget elementor-widget-text-editor\" data-id=\"29a6876\" data-element_type=\"widget\" data-widget_type=\"text-editor.default\">\n\t\t\t\t<div class=\"elementor-widget-container\">\n\t\t\t\t\t\t\t\t\t<p>Nein, bezahlte Werbung (Google Ads, Facebook Ads usw.) wird auf unsere Website geleitet <strong>ist nicht erlaubt<\/strong>. Sie m\u00fcssen Ihren Link auf Ihren eigenen Kommunikationskan\u00e4len bewerben.\u00a0<\/p>\t\t\t\t\t\t\t\t<\/div>\n\t\t\t\t<\/div>\n\t\t\t\t<div class=\"elementor-element elementor-element-8dada24 sc_fly_static elementor-widget elementor-widget-heading\" data-id=\"8dada24\" data-element_type=\"widget\" data-widget_type=\"heading.default\">\n\t\t\t\t<div class=\"elementor-widget-container\">\n\t\t\t\t\t<h2 class=\"elementor-heading-title elementor-size-default\">\ud83d\udccc 9. Gibt es Einschr\u00e4nkungen bez\u00fcglich Werbeinhalten?<\/h2>\t\t\t\t<\/div>\n\t\t\t\t<\/div>\n\t\t\t\t<div class=\"elementor-element elementor-element-7c08302 sc_fly_static elementor-widget elementor-widget-text-editor\" data-id=\"7c08302\" data-element_type=\"widget\" data-widget_type=\"text-editor.default\">\n\t\t\t\t<div class=\"elementor-widget-container\">\n\t\t\t\t\t\t\t\t\t<p>Ja. Die Verwendung irref\u00fchrender, t\u00e4uschender oder imagesch\u00e4digender Inhalte ist untersagt. <strong>Video\u00fcber-<\/strong><br \/><strong>Request.com.<\/strong><\/p>\t\t\t\t\t\t\t\t<\/div>\n\t\t\t\t<\/div>\n\t\t\t\t<div class=\"elementor-element elementor-element-94221f2 sc_fly_static elementor-widget elementor-widget-heading\" data-id=\"94221f2\" data-element_type=\"widget\" data-widget_type=\"heading.default\">\n\t\t\t\t<div class=\"elementor-widget-container\">\n\t\t\t\t\t<h2 class=\"elementor-heading-title elementor-size-default\">\ud83d\udccc 10. Was passiert, wenn ich keinen Umsatz generiere?<\/h2>\t\t\t\t<\/div>\n\t\t\t\t<\/div>\n\t\t\t\t<div class=\"elementor-element elementor-element-aba81a4 sc_fly_static elementor-widget elementor-widget-text-editor\" data-id=\"aba81a4\" data-element_type=\"widget\" data-widget_type=\"text-editor.default\">\n\t\t\t\t<div class=\"elementor-widget-container\">\n\t\t\t\t\t\t\t\t\t<p>Wenn Ihr Konto <strong>\u00fcber einen l\u00e4ngeren Zeitraum inaktiv<\/strong>, behalten wir uns das Recht vor, es zu deaktivieren. Sie k\u00f6nnen sich sp\u00e4ter jederzeit erneut registrieren, wenn Sie es noch einmal versuchen m\u00f6chten.<\/p>\t\t\t\t\t\t\t\t<\/div>\n\t\t\t\t<\/div>\n\t\t\t\t<div class=\"elementor-element elementor-element-7d5217b sc_fly_static elementor-widget elementor-widget-heading\" data-id=\"7d5217b\" data-element_type=\"widget\" data-widget_type=\"heading.default\">\n\t\t\t\t<div class=\"elementor-widget-container\">\n\t\t\t\t\t<h2 class=\"elementor-heading-title elementor-size-default\">\ud83d\udccc 11. Wo kann ich meine Provisionen und Verk\u00e4ufe verfolgen?<\/h2>\t\t\t\t<\/div>\n\t\t\t\t<\/div>\n\t\t\t\t<div class=\"elementor-element elementor-element-0418275 sc_fly_static elementor-widget elementor-widget-text-editor\" data-id=\"0418275\" data-element_type=\"widget\" data-widget_type=\"text-editor.default\">\n\t\t\t\t<div class=\"elementor-widget-container\">\n\t\t\t\t\t\t\t\t\t<p>Sie erhalten Zugriff auf eine <strong>Armaturenbrett<\/strong> wo Sie Ihre Leistung, Verk\u00e4ufe und Provisionen in Echtzeit verfolgen k\u00f6nnen.<\/p>\t\t\t\t\t\t\t\t<\/div>\n\t\t\t\t<\/div>\n\t\t\t\t<div class=\"elementor-element elementor-element-84e2f9c sc_fly_static elementor-widget elementor-widget-heading\" data-id=\"84e2f9c\" data-element_type=\"widget\" data-widget_type=\"heading.default\">\n\t\t\t\t<div class=\"elementor-widget-container\">\n\t\t\t\t\t<h2 class=\"elementor-heading-title elementor-size-default\">\ud83d\udccc 12. Wie kontaktiere ich den Affiliate-Support?<\/h2>\t\t\t\t<\/div>\n\t\t\t\t<\/div>\n\t\t\t\t<div class=\"elementor-element elementor-element-01ae832 sc_fly_static elementor-widget elementor-widget-text-editor\" data-id=\"01ae832\" data-element_type=\"widget\" data-widget_type=\"text-editor.default\">\n\t\t\t\t<div class=\"elementor-widget-container\">\n\t\t\t\t\t\t\t\t\t<p>Bei Fragen kontaktieren Sie uns bitte unter [<strong>E-Mail-Adresse\/Support<\/strong>].<\/p>\t\t\t\t\t\t\t\t<\/div>\n\t\t\t\t<\/div>\n\t\t\t\t<div class=\"elementor-element elementor-element-709c393 sc_fly_static elementor-widget elementor-widget-text-editor\" data-id=\"709c393\" data-element_type=\"widget\" data-widget_type=\"text-editor.default\">\n\t\t\t\t<div class=\"elementor-widget-container\">\n\t\t\t\t\t\t\t\t\t<p>\ud83d\udc49 Bereit, mit Ihrem Publikum Geld zu verdienen? <strong>Melden Sie sich jetzt an!<\/strong><\/p>\t\t\t\t\t\t\t\t<\/div>\n\t\t\t\t<\/div>\n\t\t\t\t\t<\/div>\n\t\t<\/div>\n\t\t\t\t\t<\/div>\n\t\t<\/section>\n\t\t\t\t<\/div>","protected":false},"excerpt":{"rendered":"<p>\u2753 Foire aux Questions (FAQ) \u2013 Programme Partenaires \ud83d\udccc 1. Qu\u2019est-ce que le Programme Partenaires de Video-sur-Demande.com ? Le Programme Partenaires vous&hellip;<\/p>","protected":false},"author":1,"featured_media":0,"parent":0,"menu_order":0,"comment_status":"closed","ping_status":"closed","template":"","meta":{"_acf_changed":false,"_monsterinsights_skip_tracking":false,"_monsterinsights_sitenote_active":false,"_monsterinsights_sitenote_note":"","_monsterinsights_sitenote_category":0,"footnotes":""},"class_list":["post-3701","page","type-page","status-publish","hentry"],"acf":[],"_links":{"self":[{"href":"https:\/\/video-sur-demande.com\/de\/wp-json\/wp\/v2\/pages\/3701","targetHints":{"allow":["GET"]}}],"collection":[{"href":"https:\/\/video-sur-demande.com\/de\/wp-json\/wp\/v2\/pages"}],"about":[{"href":"https:\/\/video-sur-demande.com\/de\/wp-json\/wp\/v2\/types\/page"}],"author":[{"embeddable":true,"href":"https:\/\/video-sur-demande.com\/de\/wp-json\/wp\/v2\/users\/1"}],"replies":[{"embeddable":true,"href":"https:\/\/video-sur-demande.com\/de\/wp-json\/wp\/v2\/comments?post=3701"}],"version-history":[{"count":0,"href":"https:\/\/video-sur-demande.com\/de\/wp-json\/wp\/v2\/pages\/3701\/revisions"}],"wp:attachment":[{"href":"https:\/\/video-sur-demande.com\/de\/wp-json\/wp\/v2\/media?parent=3701"}],"curies":[{"name":"wp","href":"https:\/\/api.w.org\/{rel}","templated":true}]}}