{"id":3216,"date":"2024-12-30T15:02:58","date_gmt":"2024-12-30T15:02:58","guid":{"rendered":"https:\/\/video-sur-demande.com\/?post_type=product&#038;p=3216"},"modified":"2025-12-05T21:58:14","modified_gmt":"2025-12-05T21:58:14","slug":"enfant","status":"publish","type":"product","link":"https:\/\/video-sur-demande.com\/de\/product\/enfant\/","title":{"rendered":"Kind"},"content":{"rendered":"<div data-elementor-type=\"wp-post\" data-elementor-id=\"3216\" class=\"elementor elementor-3216\" data-elementor-post-type=\"product\">\n\t\t\t\t\t\t<section class=\"elementor-section elementor-top-section elementor-element elementor-element-2832666 elementor-section-boxed elementor-section-height-default elementor-section-height-default\" data-id=\"2832666\" data-element_type=\"section\">\n\t\t\t\t\t\t<div class=\"elementor-container elementor-column-gap-extended\">\n\t\t\t\t\t<div class=\"elementor-column elementor-col-100 elementor-top-column elementor-element elementor-element-b42aaa4 sc_inner_width_none sc_layouts_column_icons_position_left\" data-id=\"b42aaa4\" data-element_type=\"column\">\n\t\t\t<div class=\"elementor-widget-wrap elementor-element-populated\">\n\t\t\t\t\t\t<section class=\"elementor-section elementor-inner-section elementor-element elementor-element-2f56a42 elementor-section-boxed elementor-section-height-default elementor-section-height-default\" data-id=\"2f56a42\" data-element_type=\"section\">\n\t\t\t\t\t\t<div class=\"elementor-container elementor-column-gap-extended\">\n\t\t\t\t\t<div class=\"elementor-column elementor-col-100 elementor-inner-column elementor-element elementor-element-282c6af sc_inner_width_none sc_layouts_column_icons_position_left\" data-id=\"282c6af\" data-element_type=\"column\">\n\t\t\t<div class=\"elementor-widget-wrap elementor-element-populated\">\n\t\t\t\t\t\t<div class=\"elementor-element elementor-element-7658ac7 sc_fly_static elementor-widget elementor-widget-trx_sc_title\" data-id=\"7658ac7\" data-element_type=\"widget\" data-widget_type=\"trx_sc_title.default\">\n\t\t\t\t<div class=\"elementor-widget-container\">\n\t\t\t\t\t<div id=\"trx_sc_title_295912087\"\n\t\tclass=\"sc_title sc_title_default\"><h2 class=\"sc_item_title sc_title_title sc_item_title_style_default\"><span class=\"sc_item_title_text\">Erwecken Sie Ihre Geschichte mit einem individuellen 60-Sekunden-Video zum Leben!<\/span><\/h2><\/div><!-- \/.sc_title -->\t\t\t\t<\/div>\n\t\t\t\t<\/div>\n\t\t\t\t<div class=\"elementor-element elementor-element-568e628 sc_fly_static elementor-widget elementor-widget-trx_sc_supertitle\" data-id=\"568e628\" data-element_type=\"widget\" data-widget_type=\"trx_sc_supertitle.default\">\n\t\t\t\t<div class=\"elementor-widget-container\">\n\t\t\t\t\t<div  id=\"trx_sc_supertitle_1315931942\"\tclass=\"sc_supertitle sc_supertitle_default\">\r\n\t<div class=\"sc_supertitle_columns_wrap sc_item_columns trx_addons_columns_wrap columns_padding_bottom\"><div class=\"sc_supertitle_left_column trx_addons_column-12_12\"><h3 class=\"sc_supertitle_text trx_addons_inline_1344022459\">Erwecken Sie Ihre Geschichte mit einem individuellen 60-Sekunden-Video zum Leben!\n<\/h3><\/div><\/div><!-- \/.sc_supertitle_columns_wrap --><\/div><!-- \/.sc_supertitle -->\r\n\t\t\t\t<\/div>\n\t\t\t\t<\/div>\n\t\t\t\t<div class=\"elementor-element elementor-element-10db8dc sc_fly_static elementor-widget elementor-widget-text-editor\" data-id=\"10db8dc\" data-element_type=\"widget\" data-widget_type=\"text-editor.default\">\n\t\t\t\t<div class=\"elementor-widget-container\">\n\t\t\t\t\t\t\t\t\tBei Video-On-Demand erstellen wir kurze, pr\u00e4gnante Videos, die Ihre Botschaft perfekt und einpr\u00e4gsam vermitteln.\t\t\t\t\t\t\t\t<\/div>\n\t\t\t\t<\/div>\n\t\t\t\t<div class=\"elementor-element elementor-element-a269284 sc_fly_static elementor-widget elementor-widget-trx_sc_supertitle\" data-id=\"a269284\" data-element_type=\"widget\" data-widget_type=\"trx_sc_supertitle.default\">\n\t\t\t\t<div class=\"elementor-widget-container\">\n\t\t\t\t\t<div  id=\"trx_sc_supertitle_947485663\"\tclass=\"sc_supertitle sc_supertitle_default\">\r\n\t<div class=\"sc_supertitle_columns_wrap sc_item_columns trx_addons_columns_wrap columns_padding_bottom\"><div class=\"sc_supertitle_left_column trx_addons_column-12_12\"><h3 class=\"sc_supertitle_text trx_addons_inline_25816696\">Das bieten wir:\n<\/h3><\/div><\/div><!-- \/.sc_supertitle_columns_wrap --><\/div><!-- \/.sc_supertitle -->\r\n\t\t\t\t<\/div>\n\t\t\t\t<\/div>\n\t\t\t\t<div class=\"elementor-element elementor-element-b2c40fa sc_fly_static elementor-widget elementor-widget-text-editor\" data-id=\"b2c40fa\" data-element_type=\"widget\" data-widget_type=\"text-editor.default\">\n\t\t\t\t<div class=\"elementor-widget-container\">\n\t\t\t\t\t\t\t\t\t<p>W\u00e4hlen Sie aus gebrauchsfertigen Vorlagen oder einem benutzerdefinierten Design<br \/>W\u00e4hlen Sie aus \u00fcber 300 professionellen Minifilmen in unserer Videobibliothek oder entscheiden Sie sich f\u00fcr eine v\u00f6llig individuelle Kreation, die auf Ihre Geschichte und Ihren Stil zugeschnitten ist.<\/p>\t\t\t\t\t\t\t\t<\/div>\n\t\t\t\t<\/div>\n\t\t\t\t<div class=\"elementor-element elementor-element-430d3bf sc_fly_static elementor-widget elementor-widget-trx_sc_supertitle\" data-id=\"430d3bf\" data-element_type=\"widget\" data-widget_type=\"trx_sc_supertitle.default\">\n\t\t\t\t<div class=\"elementor-widget-container\">\n\t\t\t\t\t<div  id=\"trx_sc_supertitle_1613153549\"\tclass=\"sc_supertitle sc_supertitle_default\">\r\n\t<div class=\"sc_supertitle_columns_wrap sc_item_columns trx_addons_columns_wrap columns_padding_bottom\"><div class=\"sc_supertitle_left_column trx_addons_column-12_12\"><h3 class=\"sc_supertitle_text trx_addons_inline_1307233027\">Eine personalisierte Geschichte in 13 Folien\n\n<\/h3><\/div><\/div><!-- \/.sc_supertitle_columns_wrap --><\/div><!-- \/.sc_supertitle -->\r\n\t\t\t\t<\/div>\n\t\t\t\t<\/div>\n\t\t\t\t<div class=\"elementor-element elementor-element-6bd8b68 sc_fly_static elementor-widget elementor-widget-trx_sc_supertitle\" data-id=\"6bd8b68\" data-element_type=\"widget\" data-widget_type=\"trx_sc_supertitle.default\">\n\t\t\t\t<div class=\"elementor-widget-container\">\n\t\t\t\t\t<div  id=\"trx_sc_supertitle_1734261502\"\tclass=\"sc_supertitle sc_supertitle_default\">\r\n\t<div class=\"sc_supertitle_columns_wrap sc_item_columns trx_addons_columns_wrap columns_padding_bottom\"><div class=\"sc_supertitle_left_column trx_addons_column-12_12\"><h4 class=\"sc_supertitle_text trx_addons_inline_637559127\">Jedes Video enth\u00e4lt:\n\n<\/h4><\/div><\/div><!-- \/.sc_supertitle_columns_wrap --><\/div><!-- \/.sc_supertitle -->\r\n\t\t\t\t<\/div>\n\t\t\t\t<\/div>\n\t\t\t\t<div class=\"elementor-element elementor-element-9a57be5 elementor-position-left elementor-view-default elementor-mobile-position-top elementor-vertical-align-top sc_fly_static elementor-widget elementor-widget-icon-box\" data-id=\"9a57be5\" data-element_type=\"widget\" data-widget_type=\"icon-box.default\">\n\t\t\t\t<div class=\"elementor-widget-container\">\n\t\t\t\t\t\t\t<div class=\"elementor-icon-box-wrapper\">\n\n\t\t\t\t\t\t<div class=\"elementor-icon-box-icon\">\n\t\t\t\t<span  class=\"elementor-icon\">\n\t\t\t\t<i aria-hidden=\"true\" class=\"far fa-check-circle\"><\/i>\t\t\t\t<\/span>\n\t\t\t<\/div>\n\t\t\t\n\t\t\t\t\t\t<div class=\"elementor-icon-box-content\">\n\n\t\t\t\t\n\t\t\t\t\t\t\t\t\t<p class=\"elementor-icon-box-description\">\n\t\t\t\t\t\t13 Folien mit hochaufl\u00f6senden Bildern, personalisiert, um Ihre Vision widerzuspiegeln.\n\t\t\t\t\t<\/p>\n\t\t\t\t\n\t\t\t<\/div>\n\t\t\t\n\t\t<\/div>\n\t\t\t\t\t\t<\/div>\n\t\t\t\t<\/div>\n\t\t\t\t<div class=\"elementor-element elementor-element-58f8c4a elementor-position-left elementor-view-default elementor-mobile-position-top elementor-vertical-align-top sc_fly_static elementor-widget elementor-widget-icon-box\" data-id=\"58f8c4a\" data-element_type=\"widget\" data-widget_type=\"icon-box.default\">\n\t\t\t\t<div class=\"elementor-widget-container\">\n\t\t\t\t\t\t\t<div class=\"elementor-icon-box-wrapper\">\n\n\t\t\t\t\t\t<div class=\"elementor-icon-box-icon\">\n\t\t\t\t<span  class=\"elementor-icon\">\n\t\t\t\t<i aria-hidden=\"true\" class=\"far fa-check-circle\"><\/i>\t\t\t\t<\/span>\n\t\t\t<\/div>\n\t\t\t\n\t\t\t\t\t\t<div class=\"elementor-icon-box-content\">\n\n\t\t\t\t\n\t\t\t\t\t\t\t\t\t<p class=\"elementor-icon-box-description\">\n\t\t\t\t\t\t13 Textunterschriften mit bis zu 80 Zeichen, die Ihre Geschichte auf pr\u00e4gnante und wirkungsvolle Weise erz\u00e4hlen.\n\t\t\t\t\t<\/p>\n\t\t\t\t\n\t\t\t<\/div>\n\t\t\t\n\t\t<\/div>\n\t\t\t\t\t\t<\/div>\n\t\t\t\t<\/div>\n\t\t\t\t<div class=\"elementor-element elementor-element-55b8c40 elementor-position-left elementor-view-default elementor-mobile-position-top elementor-vertical-align-top sc_fly_static elementor-widget elementor-widget-icon-box\" data-id=\"55b8c40\" data-element_type=\"widget\" data-widget_type=\"icon-box.default\">\n\t\t\t\t<div class=\"elementor-widget-container\">\n\t\t\t\t\t\t\t<div class=\"elementor-icon-box-wrapper\">\n\n\t\t\t\t\t\t<div class=\"elementor-icon-box-icon\">\n\t\t\t\t<span  class=\"elementor-icon\">\n\t\t\t\t<i aria-hidden=\"true\" class=\"far fa-check-circle\"><\/i>\t\t\t\t<\/span>\n\t\t\t<\/div>\n\t\t\t\n\t\t\t\t\t\t<div class=\"elementor-icon-box-content\">\n\n\t\t\t\t\n\t\t\t\t\t\t\t\t\t<p class=\"elementor-icon-box-description\">\n\t\t\t\t\t\tSorgf\u00e4ltig ausgew\u00e4hlte Hintergrundmusik, die zum Thema und zur Stimmung Ihres Videos passt.\n\t\t\t\t\t<\/p>\n\t\t\t\t\n\t\t\t<\/div>\n\t\t\t\n\t\t<\/div>\n\t\t\t\t\t\t<\/div>\n\t\t\t\t<\/div>\n\t\t\t\t<div class=\"elementor-element elementor-element-1d4f717 elementor-position-left elementor-view-default elementor-mobile-position-top elementor-vertical-align-top sc_fly_static elementor-widget elementor-widget-icon-box\" data-id=\"1d4f717\" data-element_type=\"widget\" data-widget_type=\"icon-box.default\">\n\t\t\t\t<div class=\"elementor-widget-container\">\n\t\t\t\t\t\t\t<div class=\"elementor-icon-box-wrapper\">\n\n\t\t\t\t\t\t<div class=\"elementor-icon-box-icon\">\n\t\t\t\t<span  class=\"elementor-icon\">\n\t\t\t\t<i aria-hidden=\"true\" class=\"far fa-check-circle\"><\/i>\t\t\t\t<\/span>\n\t\t\t<\/div>\n\t\t\t\n\t\t\t\t\t\t<div class=\"elementor-icon-box-content\">\n\n\t\t\t\t\n\t\t\t\t\t\t\t\t\t<p class=\"elementor-icon-box-description\">\n\t\t\t\t\t\tF\u00fcr soziale Netzwerke optimierte Formate\n\t\t\t\t\t<\/p>\n\t\t\t\t\n\t\t\t<\/div>\n\t\t\t\n\t\t<\/div>\n\t\t\t\t\t\t<\/div>\n\t\t\t\t<\/div>\n\t\t\t\t<div class=\"elementor-element elementor-element-ef160be elementor-position-left elementor-view-default elementor-mobile-position-top elementor-vertical-align-top sc_fly_static elementor-widget elementor-widget-icon-box\" data-id=\"ef160be\" data-element_type=\"widget\" data-widget_type=\"icon-box.default\">\n\t\t\t\t<div class=\"elementor-widget-container\">\n\t\t\t\t\t\t\t<div class=\"elementor-icon-box-wrapper\">\n\n\t\t\t\t\t\t<div class=\"elementor-icon-box-icon\">\n\t\t\t\t<span  class=\"elementor-icon\">\n\t\t\t\t<i aria-hidden=\"true\" class=\"far fa-check-circle\"><\/i>\t\t\t\t<\/span>\n\t\t\t<\/div>\n\t\t\t\n\t\t\t\t\t\t<div class=\"elementor-icon-box-content\">\n\n\t\t\t\t\n\t\t\t\t\t\t\t\t\t<p class=\"elementor-icon-box-description\">\n\t\t\t\t\t\tF\u00fcr soziale Netzwerke optimierte Formate\n\t\t\t\t\t<\/p>\n\t\t\t\t\n\t\t\t<\/div>\n\t\t\t\n\t\t<\/div>\n\t\t\t\t\t\t<\/div>\n\t\t\t\t<\/div>\n\t\t\t\t<div class=\"elementor-element elementor-element-68494f0 sc_fly_static elementor-widget elementor-widget-trx_sc_supertitle\" data-id=\"68494f0\" data-element_type=\"widget\" data-widget_type=\"trx_sc_supertitle.default\">\n\t\t\t\t<div class=\"elementor-widget-container\">\n\t\t\t\t\t<div  id=\"trx_sc_supertitle_237226538\"\tclass=\"sc_supertitle sc_supertitle_default\">\r\n\t<div class=\"sc_supertitle_columns_wrap sc_item_columns trx_addons_columns_wrap columns_padding_bottom\"><div class=\"sc_supertitle_left_column trx_addons_column-12_12\"><h3 class=\"sc_supertitle_text trx_addons_inline_1809896826\">Abh\u00e4ngig von der Plattform, auf der Sie Ihr Video teilen m\u00f6chten, bieten wir zwei Formate an:\n<\/h3><\/div><\/div><!-- \/.sc_supertitle_columns_wrap --><\/div><!-- \/.sc_supertitle -->\r\n\t\t\t\t<\/div>\n\t\t\t\t<\/div>\n\t\t\t\t<div class=\"elementor-element elementor-element-67761bb elementor-position-left elementor-vertical-align-middle elementor-view-default elementor-mobile-position-top sc_fly_static elementor-widget elementor-widget-icon-box\" data-id=\"67761bb\" data-element_type=\"widget\" data-widget_type=\"icon-box.default\">\n\t\t\t\t<div class=\"elementor-widget-container\">\n\t\t\t\t\t\t\t<div class=\"elementor-icon-box-wrapper\">\n\n\t\t\t\t\t\t<div class=\"elementor-icon-box-icon\">\n\t\t\t\t<span  class=\"elementor-icon\">\n\t\t\t\t<i aria-hidden=\"true\" class=\"fas fa-video\"><\/i>\t\t\t\t<\/span>\n\t\t\t<\/div>\n\t\t\t\n\t\t\t\t\t\t<div class=\"elementor-icon-box-content\">\n\n\t\t\t\t\n\t\t\t\t\t\t\t\t\t<p class=\"elementor-icon-box-description\">\n\t\t\t\t\t\t1:1 (quadratisch), ideal f\u00fcr Instagram-Feed, Facebook und andere Plattformen.\n\t\t\t\t\t<\/p>\n\t\t\t\t\n\t\t\t<\/div>\n\t\t\t\n\t\t<\/div>\n\t\t\t\t\t\t<\/div>\n\t\t\t\t<\/div>\n\t\t\t\t<div class=\"elementor-element elementor-element-077a60d elementor-position-left elementor-vertical-align-middle elementor-view-default elementor-mobile-position-top sc_fly_static elementor-widget elementor-widget-icon-box\" data-id=\"077a60d\" data-element_type=\"widget\" data-widget_type=\"icon-box.default\">\n\t\t\t\t<div class=\"elementor-widget-container\">\n\t\t\t\t\t\t\t<div class=\"elementor-icon-box-wrapper\">\n\n\t\t\t\t\t\t<div class=\"elementor-icon-box-icon\">\n\t\t\t\t<span  class=\"elementor-icon\">\n\t\t\t\t<i aria-hidden=\"true\" class=\"fas fa-video\"><\/i>\t\t\t\t<\/span>\n\t\t\t<\/div>\n\t\t\t\n\t\t\t\t\t\t<div class=\"elementor-icon-box-content\">\n\n\t\t\t\t\n\t\t\t\t\t\t\t\t\t<p class=\"elementor-icon-box-description\">\n\t\t\t\t\t\t9:16 (vertikal), perfekt f\u00fcr Instagram Stories, TikTok und andere vertikale soziale Medien.\t\t\t\t\t<\/p>\n\t\t\t\t\n\t\t\t<\/div>\n\t\t\t\n\t\t<\/div>\n\t\t\t\t\t\t<\/div>\n\t\t\t\t<\/div>\n\t\t\t\t<div class=\"elementor-element elementor-element-5729d48 sc_fly_static elementor-widget elementor-widget-trx_sc_supertitle\" data-id=\"5729d48\" data-element_type=\"widget\" data-widget_type=\"trx_sc_supertitle.default\">\n\t\t\t\t<div class=\"elementor-widget-container\">\n\t\t\t\t\t<div  id=\"trx_sc_supertitle_266860080\"\tclass=\"sc_supertitle sc_supertitle_default\">\r\n\t<div class=\"sc_supertitle_columns_wrap sc_item_columns trx_addons_columns_wrap columns_padding_bottom\"><div class=\"sc_supertitle_left_column trx_addons_column-12_12\"><h3 class=\"sc_supertitle_text trx_addons_inline_1209225578\">Erh\u00f6hte Sichtbarkeit durch unsere Plattformen\n<\/h3><\/div><\/div><!-- \/.sc_supertitle_columns_wrap --><\/div><!-- \/.sc_supertitle -->\r\n\t\t\t\t<\/div>\n\t\t\t\t<\/div>\n\t\t\t\t<div class=\"elementor-element elementor-element-748c802 sc_fly_static elementor-widget elementor-widget-text-editor\" data-id=\"748c802\" data-element_type=\"widget\" data-widget_type=\"text-editor.default\">\n\t\t\t\t<div class=\"elementor-widget-container\">\n\t\t\t\t\t\t\t\t\tIhr Video wird nicht nur erstellt, es wird auch gesehen! Wir ver\u00f6ffentlichen Ihr Video auf unseren eigenen Plattformen, wo es von unserem etablierten Publikum auf Instagram, TikTok und anderen Plattformen profitiert und so eine gro\u00dfe Pr\u00e4senz gew\u00e4hrleistet.\n\t\t\t\t\t\t\t\t<\/div>\n\t\t\t\t<\/div>\n\t\t\t\t<div class=\"elementor-element elementor-element-5644443 sc_fly_static elementor-widget elementor-widget-text-editor\" data-id=\"5644443\" data-element_type=\"widget\" data-widget_type=\"text-editor.default\">\n\t\t\t\t<div class=\"elementor-widget-container\">\n\t\t\t\t\t\t\t\t\tSteigern Sie Ihre Reichweite mit unseren View Packs. M\u00f6chten Sie noch mehr Sichtbarkeit? W\u00e4hlen Sie eines unserer Ansichtspakete, um Ihr Publikum auf TikTok zu vergr\u00f6\u00dfern:\n\t\t\t\t\t\t\t\t<\/div>\n\t\t\t\t<\/div>\n\t\t\t\t<div class=\"elementor-element elementor-element-06c182e sc_fly_static elementor-widget elementor-widget-text-editor\" data-id=\"06c182e\" data-element_type=\"widget\" data-widget_type=\"text-editor.default\">\n\t\t\t\t<div class=\"elementor-widget-container\">\n\t\t\t\t\t\t\t\t\t3.000 Aufrufe, 6.000 Aufrufe, 12.000 Aufrufe, 20.000 Aufrufe und mehr \u2013 jedes Paket hat einen anderen Preis, sodass Sie die Sichtbarkeitsstufe w\u00e4hlen k\u00f6nnen, die am besten zu Ihnen passt. Lassen Sie uns Ihre Geschichte auf visuell ansprechende, pr\u00e4gnante und wirkungsvolle Weise erz\u00e4hlen. Egal, ob Sie sich f\u00fcr ein Modell aus unserer Kollektion oder eine v\u00f6llig individuelle Kreation entscheiden, unser Team ist bereit, Ihre Vision zum Leben zu erwecken!\n\t\t\t\t\t\t\t\t<\/div>\n\t\t\t\t<\/div>\n\t\t\t\t<div class=\"elementor-element elementor-element-4ded3f0 sc_fly_static elementor-widget elementor-widget-text-editor\" data-id=\"4ded3f0\" data-element_type=\"widget\" data-widget_type=\"text-editor.default\">\n\t\t\t\t<div class=\"elementor-widget-container\">\n\t\t\t\t\t\t\t\t\tBereit, loszulegen? Bestellen Sie Ihr Video noch heute und machen Sie Ihre Geschichte zu einer unvergesslichen Erinnerung!\t\t\t\t\t\t\t\t<\/div>\n\t\t\t\t<\/div>\n\t\t\t\t\t<\/div>\n\t\t<\/div>\n\t\t\t\t\t<\/div>\n\t\t<\/section>\n\t\t\t\t\t<\/div>\n\t\t<\/div>\n\t\t\t\t\t<\/div>\n\t\t<\/section>\n\t\t\t\t<\/div>","protected":false},"excerpt":{"rendered":"<p>Donnez Vie \u00e0 Votre Histoire avec une Vid\u00e9o de 60 Secondes sur Mesure ! Donnez Vie \u00e0 Votre Histoire avec une Vid\u00e9o&hellip;<\/p>","protected":false},"featured_media":3220,"comment_status":"open","ping_status":"closed","template":"","meta":{"_acf_changed":false,"_monsterinsights_skip_tracking":false,"_monsterinsights_sitenote_active":false,"_monsterinsights_sitenote_note":"","_monsterinsights_sitenote_category":0},"product_brand":[],"product_cat":[145],"product_tag":[],"class_list":{"0":"post-3216","1":"product","2":"type-product","3":"status-publish","4":"has-post-thumbnail","6":"product_cat-enfant","8":"first","9":"instock","10":"shipping-taxable","11":"purchasable","12":"product-type-variable"},"acf":[],"_links":{"self":[{"href":"https:\/\/video-sur-demande.com\/de\/wp-json\/wp\/v2\/product\/3216","targetHints":{"allow":["GET"]}}],"collection":[{"href":"https:\/\/video-sur-demande.com\/de\/wp-json\/wp\/v2\/product"}],"about":[{"href":"https:\/\/video-sur-demande.com\/de\/wp-json\/wp\/v2\/types\/product"}],"replies":[{"embeddable":true,"href":"https:\/\/video-sur-demande.com\/de\/wp-json\/wp\/v2\/comments?post=3216"}],"version-history":[{"count":0,"href":"https:\/\/video-sur-demande.com\/de\/wp-json\/wp\/v2\/product\/3216\/revisions"}],"wp:featuredmedia":[{"embeddable":true,"href":"https:\/\/video-sur-demande.com\/de\/wp-json\/wp\/v2\/media\/3220"}],"wp:attachment":[{"href":"https:\/\/video-sur-demande.com\/de\/wp-json\/wp\/v2\/media?parent=3216"}],"wp:term":[{"taxonomy":"product_brand","embeddable":true,"href":"https:\/\/video-sur-demande.com\/de\/wp-json\/wp\/v2\/product_brand?post=3216"},{"taxonomy":"product_cat","embeddable":true,"href":"https:\/\/video-sur-demande.com\/de\/wp-json\/wp\/v2\/product_cat?post=3216"},{"taxonomy":"product_tag","embeddable":true,"href":"https:\/\/video-sur-demande.com\/de\/wp-json\/wp\/v2\/product_tag?post=3216"}],"curies":[{"name":"wp","href":"https:\/\/api.w.org\/{rel}","templated":true}]}}