{"id":3733,"date":"2025-02-02T19:00:19","date_gmt":"2025-02-02T19:00:19","guid":{"rendered":"https:\/\/video-sur-demande.com\/?page_id=3733"},"modified":"2025-02-04T03:49:10","modified_gmt":"2025-02-04T03:49:10","slug":"comment-ca-marche","status":"publish","type":"page","link":"https:\/\/video-sur-demande.com\/it\/comment-ca-marche\/","title":{"rendered":"Come funziona"},"content":{"rendered":"<div data-elementor-type=\"wp-page\" data-elementor-id=\"3733\" class=\"elementor elementor-3733\" data-elementor-post-type=\"page\">\n\t\t\t\t\t\t<section class=\"elementor-section elementor-top-section elementor-element elementor-element-72b8041 elementor-section-boxed elementor-section-height-default elementor-section-height-default\" data-id=\"72b8041\" data-element_type=\"section\">\n\t\t\t\t\t\t<div class=\"elementor-container elementor-column-gap-extended\">\n\t\t\t\t\t<div class=\"elementor-column elementor-col-100 elementor-top-column elementor-element elementor-element-3dcf73d sc_inner_width_none sc_layouts_column_icons_position_left\" data-id=\"3dcf73d\" data-element_type=\"column\">\n\t\t\t<div class=\"elementor-widget-wrap elementor-element-populated\">\n\t\t\t\t\t\t<div class=\"elementor-element elementor-element-10d2f92 sc_fly_static elementor-widget elementor-widget-trx_sc_button\" data-id=\"10d2f92\" data-element_type=\"widget\" data-widget_type=\"trx_sc_button.default\">\n\t\t\t\t<div class=\"elementor-widget-container\">\n\t\t\t\t\t<div id=\"trx_sc_button_2085537321\"\tclass=\"sc_item_button sc_button_wrap sc_align_center\"><a href=\"https:\/\/video-sur-demande.com\/it\/formulaire-d-affiliation\/\" class=\"sc_button sc_button_default sc_button_size_normal sc_button_icon_left\"><span class=\"sc_button_text\"><span class=\"sc_button_title\">Registrazione affiliata<\/span><\/span><!-- \/.sc_button_text --><\/a><!-- \/.sc_button --><\/div><!-- \/.sc_item_button -->\t\t\t\t<\/div>\n\t\t\t\t<\/div>\n\t\t\t\t<div class=\"elementor-element elementor-element-fba5500 sc_fly_static elementor-widget elementor-widget-heading\" data-id=\"fba5500\" data-element_type=\"widget\" data-widget_type=\"heading.default\">\n\t\t\t\t<div class=\"elementor-widget-container\">\n\t\t\t\t\t<h2 class=\"elementor-heading-title elementor-size-default\">Come funziona?<\/h2>\t\t\t\t<\/div>\n\t\t\t\t<\/div>\n\t\t\t\t<div class=\"elementor-element elementor-element-aea769a sc_fly_static elementor-widget elementor-widget-text-editor\" data-id=\"aea769a\" data-element_type=\"widget\" data-widget_type=\"text-editor.default\">\n\t\t\t\t<div class=\"elementor-widget-container\">\n\t\t\t\t\t\t\t\t\t<p>Unisciti al <strong>Programma partner Video-on-Demand.com<\/strong> \u00e8 semplice e veloce. Segui questi passaggi per iniziare a guadagnare commissioni:<\/p>\t\t\t\t\t\t\t\t<\/div>\n\t\t\t\t<\/div>\n\t\t\t\t<div class=\"elementor-element elementor-element-b32deb9 sc_fly_static elementor-widget elementor-widget-heading\" data-id=\"b32deb9\" data-element_type=\"widget\" data-widget_type=\"heading.default\">\n\t\t\t\t<div class=\"elementor-widget-container\">\n\t\t\t\t\t<h2 class=\"elementor-heading-title elementor-size-default\">1\u20e3 Registrati al Programma Partner<\/h2>\t\t\t\t<\/div>\n\t\t\t\t<\/div>\n\t\t\t\t<div class=\"elementor-element elementor-element-b15b7ed sc_fly_static elementor-widget elementor-widget-text-editor\" data-id=\"b15b7ed\" data-element_type=\"widget\" data-widget_type=\"text-editor.default\">\n\t\t\t\t<div class=\"elementor-widget-container\">\n\t\t\t\t\t\t\t\t\t<ul><li>Compila il modulo di registrazione [qui].<\/li><li>Esamineremo la tua candidatura e ti informeremo via e-mail non appena sar\u00e0 convalidata.<\/li><\/ul>\t\t\t\t\t\t\t\t<\/div>\n\t\t\t\t<\/div>\n\t\t\t\t<div class=\"elementor-element elementor-element-7435f9c sc_fly_static elementor-widget elementor-widget-heading\" data-id=\"7435f9c\" data-element_type=\"widget\" data-widget_type=\"heading.default\">\n\t\t\t\t<div class=\"elementor-widget-container\">\n\t\t\t\t\t<h2 class=\"elementor-heading-title elementor-size-default\">2\u20e3 Condividi il tuo link partner<\/h2>\t\t\t\t<\/div>\n\t\t\t\t<\/div>\n\t\t\t\t<div class=\"elementor-element elementor-element-00498dc sc_fly_static elementor-widget elementor-widget-text-editor\" data-id=\"00498dc\" data-element_type=\"widget\" data-widget_type=\"text-editor.default\">\n\t\t\t\t<div class=\"elementor-widget-container\">\n\t\t\t\t\t\t\t\t\t<p>Una volta accettato nel programma, riceverai un <strong>link di affiliazione univoco.<\/strong> Aggiungilo a:<\/p><ul><li>Tuo <strong>sito web<\/strong> o blog<\/li><li>Tuo <strong>reti sociali<\/strong> (Instagram, Facebook, TikTok, Twitter, ecc.)<\/li><li>Tuo <strong>newsletter<\/strong> e altri mezzi di comunicazione<\/li><\/ul>\t\t\t\t\t\t\t\t<\/div>\n\t\t\t\t<\/div>\n\t\t\t\t<div class=\"elementor-element elementor-element-8570130 sc_fly_static elementor-widget elementor-widget-heading\" data-id=\"8570130\" data-element_type=\"widget\" data-widget_type=\"heading.default\">\n\t\t\t\t<div class=\"elementor-widget-container\">\n\t\t\t\t\t<h2 class=\"elementor-heading-title elementor-size-default\">3\u20e3 I tuoi visitatori cliccano sul tuo link<\/h2>\t\t\t\t<\/div>\n\t\t\t\t<\/div>\n\t\t\t\t<div class=\"elementor-element elementor-element-78eb578 sc_fly_static elementor-widget elementor-widget-text-editor\" data-id=\"78eb578\" data-element_type=\"widget\" data-widget_type=\"text-editor.default\">\n\t\t\t\t<div class=\"elementor-widget-container\">\n\t\t\t\t\t\t\t\t\t<p>Quando un internauta clicca sul tuo link, viene automaticamente reindirizzato alla pagina commerciale di Video-sur-Demande.com.<\/p>\t\t\t\t\t\t\t\t<\/div>\n\t\t\t\t<\/div>\n\t\t\t\t<div class=\"elementor-element elementor-element-006dd1a sc_fly_static elementor-widget elementor-widget-heading\" data-id=\"006dd1a\" data-element_type=\"widget\" data-widget_type=\"heading.default\">\n\t\t\t\t<div class=\"elementor-widget-container\">\n\t\t\t\t\t<h2 class=\"elementor-heading-title elementor-size-default\">4\u20e3 Il tuo cliente effettua un ordine<\/h2>\t\t\t\t<\/div>\n\t\t\t\t<\/div>\n\t\t\t\t<div class=\"elementor-element elementor-element-a97c9f7 sc_fly_static elementor-widget elementor-widget-text-editor\" data-id=\"a97c9f7\" data-element_type=\"widget\" data-widget_type=\"text-editor.default\">\n\t\t\t\t<div class=\"elementor-widget-container\">\n\t\t\t\t\t\t\t\t\t<p>Il visitatore acquista un <strong>video personale <\/strong>O <strong>video professionale<\/strong> sulla nostra piattaforma.<\/p>\t\t\t\t\t\t\t\t<\/div>\n\t\t\t\t<\/div>\n\t\t\t\t<div class=\"elementor-element elementor-element-efb1345 sc_fly_static elementor-widget elementor-widget-heading\" data-id=\"efb1345\" data-element_type=\"widget\" data-widget_type=\"heading.default\">\n\t\t\t\t<div class=\"elementor-widget-container\">\n\t\t\t\t\t<h2 class=\"elementor-heading-title elementor-size-default\">5\u20e3 Guadagni una commissione! \ud83d\udcb0<\/h2>\t\t\t\t<\/div>\n\t\t\t\t<\/div>\n\t\t\t\t<div class=\"elementor-element elementor-element-e7cd705 sc_fly_static elementor-widget elementor-widget-text-editor\" data-id=\"e7cd705\" data-element_type=\"widget\" data-widget_type=\"text-editor.default\">\n\t\t\t\t<div class=\"elementor-widget-container\">\n\t\t\t\t\t\t\t\t\t<p>Con ogni vendita confermata, ricevi <strong>15 % dell&#039;importo dell&#039;ordine<\/strong> :<\/p><ul><li><strong>Video personale (228 CHF) \u2192 34,20 CHF di commissione<\/strong><\/li><li><strong>Video professionale (384 CHF) \u2192 57,60 CHF di commissione<\/strong><\/li><\/ul><p>\ud83d\udca1<strong> Non appena il tuo saldo raggiunge 100 CHF<\/strong>, ti pagheremo il pagamento tramite <strong>Pagamento tramite PayPal<\/strong> !<\/p>\t\t\t\t\t\t\t\t<\/div>\n\t\t\t\t<\/div>\n\t\t\t\t<div class=\"elementor-element elementor-element-709c393 sc_fly_static elementor-widget elementor-widget-text-editor\" data-id=\"709c393\" data-element_type=\"widget\" data-widget_type=\"text-editor.default\">\n\t\t\t\t<div class=\"elementor-widget-container\">\n\t\t\t\t\t\t\t\t\t<p>\ud83d\udc49 Registrati subito e inizia a monetizzare il tuo pubblico!<\/p>\t\t\t\t\t\t\t\t<\/div>\n\t\t\t\t<\/div>\n\t\t\t\t<div class=\"elementor-element elementor-element-11c4a12 sc_fly_static elementor-widget elementor-widget-trx_sc_button\" data-id=\"11c4a12\" data-element_type=\"widget\" data-widget_type=\"trx_sc_button.default\">\n\t\t\t\t<div class=\"elementor-widget-container\">\n\t\t\t\t\t<div id=\"trx_sc_button_1441094704\"\tclass=\"sc_item_button sc_button_wrap sc_align_center\"><a href=\"https:\/\/video-sur-demande.com\/it\/formulaire-d-affiliation\/\" class=\"sc_button sc_button_default sc_button_size_normal sc_button_icon_left\"><span class=\"sc_button_text\"><span class=\"sc_button_title\">Registrazione affiliata<\/span><\/span><!-- \/.sc_button_text --><\/a><!-- \/.sc_button --><\/div><!-- \/.sc_item_button -->\t\t\t\t<\/div>\n\t\t\t\t<\/div>\n\t\t\t\t\t<\/div>\n\t\t<\/div>\n\t\t\t\t\t<\/div>\n\t\t<\/section>\n\t\t\t\t<\/div>","protected":false},"excerpt":{"rendered":"<p>Inscription affili\u00e9 Comment \u00e7a marche ? Rejoindre le Programme Partenaires de Video-sur-Demande.com est simple et rapide. Suivez ces \u00e9tapes pour commencer \u00e0&hellip;<\/p>","protected":false},"author":1,"featured_media":0,"parent":0,"menu_order":0,"comment_status":"closed","ping_status":"closed","template":"","meta":{"_acf_changed":false,"_monsterinsights_skip_tracking":false,"_monsterinsights_sitenote_active":false,"_monsterinsights_sitenote_note":"","_monsterinsights_sitenote_category":0,"footnotes":""},"class_list":["post-3733","page","type-page","status-publish","hentry"],"acf":[],"_links":{"self":[{"href":"https:\/\/video-sur-demande.com\/it\/wp-json\/wp\/v2\/pages\/3733","targetHints":{"allow":["GET"]}}],"collection":[{"href":"https:\/\/video-sur-demande.com\/it\/wp-json\/wp\/v2\/pages"}],"about":[{"href":"https:\/\/video-sur-demande.com\/it\/wp-json\/wp\/v2\/types\/page"}],"author":[{"embeddable":true,"href":"https:\/\/video-sur-demande.com\/it\/wp-json\/wp\/v2\/users\/1"}],"replies":[{"embeddable":true,"href":"https:\/\/video-sur-demande.com\/it\/wp-json\/wp\/v2\/comments?post=3733"}],"version-history":[{"count":0,"href":"https:\/\/video-sur-demande.com\/it\/wp-json\/wp\/v2\/pages\/3733\/revisions"}],"wp:attachment":[{"href":"https:\/\/video-sur-demande.com\/it\/wp-json\/wp\/v2\/media?parent=3733"}],"curies":[{"name":"wp","href":"https:\/\/api.w.org\/{rel}","templated":true}]}}