{"id":3856,"date":"2025-02-11T13:28:06","date_gmt":"2025-02-11T13:28:06","guid":{"rendered":"https:\/\/video-sur-demande.com\/?page_id=3856"},"modified":"2025-02-11T13:33:35","modified_gmt":"2025-02-11T13:33:35","slug":"affilier-mon-compte","status":"publish","type":"page","link":"https:\/\/video-sur-demande.com\/it\/affilier-mon-compte\/","title":{"rendered":"Affiliazione Il mio account"},"content":{"rendered":"<div data-elementor-type=\"wp-page\" data-elementor-id=\"3856\" class=\"elementor elementor-3856\" data-elementor-post-type=\"page\">\n\t\t\t\t\t\t<section class=\"elementor-section elementor-top-section elementor-element elementor-element-2f81730 elementor-section-boxed elementor-section-height-default elementor-section-height-default\" data-id=\"2f81730\" data-element_type=\"section\">\n\t\t\t\t\t\t<div class=\"elementor-container elementor-column-gap-extended\">\n\t\t\t\t\t<div class=\"elementor-column elementor-col-100 elementor-top-column elementor-element elementor-element-31ac397 sc_inner_width_none sc_layouts_column_icons_position_left\" data-id=\"31ac397\" data-element_type=\"column\">\n\t\t\t<div class=\"elementor-widget-wrap elementor-element-populated\">\n\t\t\t\t\t\t<div class=\"elementor-element elementor-element-55b388f sc_fly_static elementor-widget elementor-widget-text-editor\" data-id=\"55b388f\" data-element_type=\"widget\" data-widget_type=\"text-editor.default\">\n\t\t\t\t<div class=\"elementor-widget-container\">\n\t\t\t\t\t\t\t\t\t<h3>Scarica la Guida per gli Affiliati <a href=\"https:\/\/video-sur-demande.com\/wp-content\/uploads\/2025\/02\/Guide-des-affilies.pdf\">Qui<\/a><\/h3>\t\t\t\t\t\t\t\t<\/div>\n\t\t\t\t<\/div>\n\t\t\t\t<div class=\"elementor-element elementor-element-12887d6 sc_fly_static elementor-widget elementor-widget-shortcode\" data-id=\"12887d6\" data-element_type=\"widget\" data-widget_type=\"shortcode.default\">\n\t\t\t\t<div class=\"elementor-widget-container\">\n\t\t\t\t\t\t\t<div class=\"elementor-shortcode\">[area_affiliata]<\/div>\n\t\t\t\t\t\t<\/div>\n\t\t\t\t<\/div>\n\t\t\t\t\t<\/div>\n\t\t<\/div>\n\t\t\t\t\t<\/div>\n\t\t<\/section>\n\t\t\t\t<\/div>","protected":false},"excerpt":{"rendered":"<p>T\u00e9l\u00e9chargez le guide des affili\u00e9s ici [affiliate_area]<\/p>","protected":false},"author":1,"featured_media":0,"parent":0,"menu_order":0,"comment_status":"closed","ping_status":"closed","template":"","meta":{"_acf_changed":false,"_monsterinsights_skip_tracking":false,"_monsterinsights_sitenote_active":false,"_monsterinsights_sitenote_note":"","_monsterinsights_sitenote_category":0,"footnotes":""},"class_list":["post-3856","page","type-page","status-publish","hentry"],"acf":[],"_links":{"self":[{"href":"https:\/\/video-sur-demande.com\/it\/wp-json\/wp\/v2\/pages\/3856","targetHints":{"allow":["GET"]}}],"collection":[{"href":"https:\/\/video-sur-demande.com\/it\/wp-json\/wp\/v2\/pages"}],"about":[{"href":"https:\/\/video-sur-demande.com\/it\/wp-json\/wp\/v2\/types\/page"}],"author":[{"embeddable":true,"href":"https:\/\/video-sur-demande.com\/it\/wp-json\/wp\/v2\/users\/1"}],"replies":[{"embeddable":true,"href":"https:\/\/video-sur-demande.com\/it\/wp-json\/wp\/v2\/comments?post=3856"}],"version-history":[{"count":0,"href":"https:\/\/video-sur-demande.com\/it\/wp-json\/wp\/v2\/pages\/3856\/revisions"}],"wp:attachment":[{"href":"https:\/\/video-sur-demande.com\/it\/wp-json\/wp\/v2\/media?parent=3856"}],"curies":[{"name":"wp","href":"https:\/\/api.w.org\/{rel}","templated":true}]}}